{"id":2545,"date":"2025-10-02T03:05:02","date_gmt":"2025-10-02T07:05:02","guid":{"rendered":"https:\/\/irp.cl\/new\/?page_id=2545"},"modified":"2025-11-25T04:52:58","modified_gmt":"2025-11-25T08:52:58","slug":"sucursales","status":"publish","type":"page","link":"https:\/\/irp.cl\/new\/sucursales\/","title":{"rendered":"Sucursales"},"content":{"rendered":"\t\t<div data-elementor-type=\"wp-page\" data-elementor-id=\"2545\" class=\"elementor elementor-2545\" data-elementor-post-type=\"page\">\n\t\t\t\t<div class=\"elementor-element elementor-element-6f5aa77 wd-section-stretch e-flex e-con-boxed e-con e-parent\" data-id=\"6f5aa77\" data-element_type=\"container\" data-settings=\"{&quot;background_background&quot;:&quot;classic&quot;}\">\n\t\t\t\t\t<div class=\"e-con-inner\">\n\t\t<div class=\"elementor-element elementor-element-0d03fb3 e-con-full e-flex e-con e-child\" data-id=\"0d03fb3\" data-element_type=\"container\">\n\t\t\t\t<div class=\"elementor-element elementor-element-718db82 wd-width-100 elementor-widget elementor-widget-wd_title\" data-id=\"718db82\" data-element_type=\"widget\" data-widget_type=\"wd_title.default\">\n\t\t\t\t<div class=\"elementor-widget-container\">\n\t\t\t\t\t\t\t<div class=\"title-wrapper wd-set-mb reset-last-child wd-title-color-default wd-title-style-default wd-title-size-default text-center\">\n\n\t\t\t\n\t\t\t<div class=\"liner-continer\">\n\t\t\t\t<h1 class=\"woodmart-title-container title wd-fontsize-l\">Centro Radiol\u00f3gico | Tac Sacnner | Resonancias Magn\u00e9ticas | Laboratorio Cl\u00ednico<\/h1> \n\t\t\t\t\t\t\t<\/div>\n\n\t\t\t\t\t\t\t<div class=\"title-after_title reset-last-child wd-fontsize-xs\">\n\t\t\t\t\tNuestras Sucursales\t\t\t\t<\/div>\n\t\t\t\t\t<\/div>\n\t\t\t\t\t\t<\/div>\n\t\t\t\t<\/div>\n\t\t\t\t<\/div>\n\t\t\t\t\t<\/div>\n\t\t\t\t<\/div>\n\t\t<div class=\"wd-negative-gap elementor-element elementor-element-42df8f1 wd-collapsible-content e-flex e-con-boxed e-con e-parent\" data-id=\"42df8f1\" data-element_type=\"container\">\n\t\t\t\t\t<div class=\"e-con-inner\">\n\t\t\t\t<div class=\"elementor-element elementor-element-e3ec017 elementor-widget elementor-widget-wd_button\" data-id=\"e3ec017\" data-element_type=\"widget\" data-widget_type=\"wd_button.default\">\n\t\t\t\t<div class=\"elementor-widget-container\">\n\t\t\t\t\t\t\t<div class=\"wd-button-wrapper text-left wd-collapsible-button\" >\n\t\t\t<a class=\"btn btn-style-default btn-shape-round btn-size-default btn-color-white btn-icon-pos-right\"  href=\"#\">\n\t\t\t\t<span class=\"wd-btn-text\" data-elementor-setting-key=\"text\">\n\t\t\t\t\tRead more\t\t\t\t<\/span>\n\n\t\t\t\t\t\t\t\t\t<span class=\"wd-btn-icon\">\n\t\t\t\t\t\t<img decoding=\"async\"  src=\"https:\/\/irp.cl\/new\/wp-content\/uploads\/2025\/01\/chevron-down-black.svg\" title=\"chevron-down-black\" loading=\"lazy\" width=\"15\" height=\"15\">\t\t\t\t\t<\/span>\n\t\t\t\t\t\t\t<\/a>\n\t\t<\/div>\n\t\t\t\t\t\t<\/div>\n\t\t\t\t<\/div>\n\t\t\t\t\t<\/div>\n\t\t\t\t<\/div>\n\t\t<div class=\"elementor-element elementor-element-2f24e74c wd-section-stretch e-flex e-con-boxed e-con e-parent\" data-id=\"2f24e74c\" data-element_type=\"container\" data-settings=\"{&quot;background_background&quot;:&quot;classic&quot;}\">\n\t\t\t\t\t<div class=\"e-con-inner\">\n\t\t<div class=\"elementor-element elementor-element-623ff70e e-con-full e-flex e-con e-child\" data-id=\"623ff70e\" data-element_type=\"container\">\n\t\t<div class=\"elementor-element elementor-element-2b937231 e-con-full e-flex e-con e-child\" data-id=\"2b937231\" data-element_type=\"container\" data-settings=\"{&quot;background_background&quot;:&quot;classic&quot;}\">\n\t\t\t\t<div class=\"elementor-element elementor-element-5cbc7563 wd-width-100 elementor-widget elementor-widget-wd_title\" data-id=\"5cbc7563\" data-element_type=\"widget\" data-widget_type=\"wd_title.default\">\n\t\t\t\t<div class=\"elementor-widget-container\">\n\t\t\t\t\t\t\t<div class=\"title-wrapper wd-set-mb reset-last-child wd-title-color-default wd-title-style-default wd-title-size-default text-center\">\n\n\t\t\t\n\t\t\t<div class=\"liner-continer\">\n\t\t\t\t<h2 class=\"woodmart-title-container title wd-fontsize-l\">Busca tu Sucursal<\/h2> \n\t\t\t\t\t\t\t<\/div>\n\n\t\t\t\t\t<\/div>\n\t\t\t\t\t\t<\/div>\n\t\t\t\t<\/div>\n\t\t\t\t<div class=\"elementor-element elementor-element-86493fc solotexto wd-width-100 elementor-widget elementor-widget-wd_title\" data-id=\"86493fc\" data-element_type=\"widget\" data-widget_type=\"wd_title.default\">\n\t\t\t\t<div class=\"elementor-widget-container\">\n\t\t\t\t\t\t\t<div class=\"title-wrapper wd-set-mb reset-last-child wd-title-color-default wd-title-style-default wd-title-size-default text-center\">\n\n\t\t\t\n\t\t\t<div class=\"liner-continer\">\n\t\t\t\t<h4 class=\"woodmart-title-container title wd-fontsize-l\"><\/h4> \n\t\t\t\t\t\t\t<\/div>\n\n\t\t\t\t\t\t\t<div class=\"title-after_title reset-last-child wd-fontsize-xs\">\n\t\t\t\t\tIngresa tu ubicaci\u00f3n\t\t\t\t<\/div>\n\t\t\t\t\t<\/div>\n\t\t\t\t\t\t<\/div>\n\t\t\t\t<\/div>\n\t\t\t\t<div class=\"elementor-element elementor-element-1f49dc8f elementor-widget elementor-widget-shortcode\" data-id=\"1f49dc8f\" data-element_type=\"widget\" data-widget_type=\"shortcode.default\">\n\t\t\t\t\t\t\t<div class=\"elementor-shortcode\"><table class=\"sucursales\"><thead><tr><th>Nombre<\/th><th>Direcci\u00f3n<\/th><th>Ciudad<\/th><th>Pa\u00eds<\/th><\/tr><\/thead><tbody><tr><td>Casa Matriz<\/td><td>Av. Providencia 199<\/td><td>Santiago<\/td><td>Chile<\/td><\/tr><tr><td>Sucursal Resonancia<\/td><td>Dr. Manuel Barros Borgo\u00f1o 430<\/td><td>Santiago<\/td><td>Chile<\/td><\/tr><tr><td>Sucursal Laboratorio Cl\u00ednico<\/td><td>Dieciocho 45<\/td><td>Santiago<\/td><td>Chile<\/td><\/tr><\/tbody><\/table><div id=\"map\" style=\"width:100%;height:500px;\"><\/div><script>\n    function initMap() {\n        var map = new google.maps.Map(document.getElementById(\"map\"), { zoom: 5, center: {lat: -33.45, lng: -70.66} });\n        var sucursales = [{\"id\":\"1\",\"nombre\":\"Casa Matriz\",\"direccion\":\"Av. Providencia 199\",\"ciudad\":\"Santiago\",\"pais\":\"Chile\",\"lat\":\"-33.43641060\",\"lng\":\"-70.63118970\"},{\"id\":\"2\",\"nombre\":\"Sucursal Resonancia\",\"direccion\":\"Dr. Manuel Barros Borgo\\u00f1o 430\",\"ciudad\":\"Santiago\",\"pais\":\"Chile\",\"lat\":\"-33.43239660\",\"lng\":\"-70.61732640\"},{\"id\":\"3\",\"nombre\":\"Sucursal Laboratorio Cl\\u00ednico\",\"direccion\":\"Dieciocho 45\",\"ciudad\":\"Santiago\",\"pais\":\"Chile\",\"lat\":\"-33.44682680\",\"lng\":\"-70.65842740\"}];\n\n        sucursales.forEach(function(s) {\n            var marker = new google.maps.Marker({\n                position: {lat: parseFloat(s.lat), lng: parseFloat(s.lng)},\n                map: map,\n                title: s.nombre\n            });\n\n            var infowindow = new google.maps.InfoWindow({\n                content: \"<strong>\"+s.nombre+\"<\/strong><br>\"+s.direccion+\", \"+s.ciudad+\", \"+s.pais\n            });\n\n            marker.addListener(\"click\", function() { infowindow.open(map, marker); });\n        });\n    }\n    <\/script><script async defer src=\"https:\/\/maps.googleapis.com\/maps\/api\/js?key=TU_API_KEY&callback=initMap\"><\/script><\/div>\n\t\t\t\t\t\t<\/div>\n\t\t\t\t<\/div>\n\t\t<div class=\"elementor-element elementor-element-1827c58d e-con-full e-flex e-con e-child\" data-id=\"1827c58d\" data-element_type=\"container\">\n\t\t<div class=\"elementor-element elementor-element-40767b53 e-con-full e-flex e-con e-child\" data-id=\"40767b53\" data-element_type=\"container\" data-settings=\"{&quot;background_background&quot;:&quot;classic&quot;}\">\n\t\t\t\t<div class=\"elementor-element elementor-element-2fb25a4d wd-width-100 elementor-widget elementor-widget-wd_title\" data-id=\"2fb25a4d\" data-element_type=\"widget\" data-widget_type=\"wd_title.default\">\n\t\t\t\t<div class=\"elementor-widget-container\">\n\t\t\t\t\t\t\t<div class=\"title-wrapper wd-set-mb reset-last-child wd-title-color-default wd-title-style-default wd-title-size-default text-center\">\n\n\t\t\t\n\t\t\t<div class=\"liner-continer\">\n\t\t\t\t<h2 class=\"woodmart-title-container title wd-fontsize-l\">Casa Matriz<\/h2> \n\t\t\t\t\t\t\t<\/div>\n\n\t\t\t\t\t<\/div>\n\t\t\t\t\t\t<\/div>\n\t\t\t\t<\/div>\n\t\t\t\t<div class=\"elementor-element elementor-element-f1d82f9 elementor-widget elementor-widget-wd_list\" data-id=\"f1d82f9\" data-element_type=\"widget\" data-widget_type=\"wd_list.default\">\n\t\t\t\t<div class=\"elementor-widget-container\">\n\t\t\t\t\t\t\t<ul class=\"wd-list color-scheme-custom wd-fontsize-s wd-type-icon wd-style-default text-center\">\n\t\t\t\t\t\t\t\t\t\t\t<li class=\"elementor-repeater-item-d3b3165\">\n\t\t\t\t\t\t\t\t\t\t\t<span class=\"wd-icon\"><img loading=\"lazy\" decoding=\"async\" width=\"20\" height=\"20\" src=\"https:\/\/irp.cl\/new\/wp-content\/uploads\/2025\/09\/map-ico-20x20.png\" class=\"attachment-20x20 size-20x20\" alt=\"\" srcset=\"https:\/\/irp.cl\/new\/wp-content\/uploads\/2025\/09\/map-ico-20x20.png 20w, https:\/\/irp.cl\/new\/wp-content\/uploads\/2025\/09\/map-ico-35x35.png 35w, https:\/\/irp.cl\/new\/wp-content\/uploads\/2025\/09\/map-ico-25x25.png 25w, https:\/\/irp.cl\/new\/wp-content\/uploads\/2025\/09\/map-ico.png 100w\" sizes=\"auto, (max-width: 20px) 100vw, 20px\" \/><\/span>\t\t\t\t\t\n\t\t\t\t\t<span class=\"wd-list-content list-content\">\n\t\t\t\t\t\t\t\t\t\t\t\t\t<a  href=\"https:\/\/maps.app.goo.gl\/pkr4RUP6feTZ7tFu7\" target=\"_blank\">\n\t\t\t\t\t\t\t\tAv. Providencia #199<br>Metro Baquedano\t\t\t\t\t\t\t<\/a>\n\t\t\t\t\t\t\t\t\t\t\t<\/span>\n\t\t\t\t<\/li>\n\t\t\t\t\t\t\t\t\t\t\t<li class=\"elementor-repeater-item-f15837b\">\n\t\t\t\t\t\t\t\t\t\t\t<span class=\"wd-icon\"><img loading=\"lazy\" decoding=\"async\" width=\"20\" height=\"20\" src=\"https:\/\/irp.cl\/new\/wp-content\/uploads\/2025\/09\/i-celular-20x20.png\" class=\"attachment-20x20 size-20x20\" alt=\"\" srcset=\"https:\/\/irp.cl\/new\/wp-content\/uploads\/2025\/09\/i-celular-20x20.png 20w, https:\/\/irp.cl\/new\/wp-content\/uploads\/2025\/09\/i-celular-25x25.png 25w, https:\/\/irp.cl\/new\/wp-content\/uploads\/2025\/09\/i-celular.png 100w\" sizes=\"auto, (max-width: 20px) 100vw, 20px\" \/><\/span>\t\t\t\t\t\n\t\t\t\t\t<span class=\"wd-list-content list-content\">\n\t\t\t\t\t\t\t\t\t\t\t\t\t<a  href=\"tel:+56224965555\" target=\"_blank\">\n\t\t\t\t\t\t\t\t+562 2496 5555\t\t\t\t\t\t\t<\/a>\n\t\t\t\t\t\t\t\t\t\t\t<\/span>\n\t\t\t\t<\/li>\n\t\t\t\t\t\t\t\t\t\t\t<li class=\"elementor-repeater-item-799471a\">\n\t\t\t\t\t\t\t\t\t\t\t<span class=\"wd-icon\"><img loading=\"lazy\" decoding=\"async\" width=\"20\" height=\"20\" src=\"https:\/\/irp.cl\/new\/wp-content\/uploads\/2025\/09\/i-email-20x20.png\" class=\"attachment-20x20 size-20x20\" alt=\"\" srcset=\"https:\/\/irp.cl\/new\/wp-content\/uploads\/2025\/09\/i-email-20x20.png 20w, https:\/\/irp.cl\/new\/wp-content\/uploads\/2025\/09\/i-email-25x25.png 25w, https:\/\/irp.cl\/new\/wp-content\/uploads\/2025\/09\/i-email.png 100w\" sizes=\"auto, (max-width: 20px) 100vw, 20px\" \/><\/span>\t\t\t\t\t\n\t\t\t\t\t<span class=\"wd-list-content list-content\">\n\t\t\t\t\t\t\t\t\t\t\t\t\t<a  href=\"mailto:info@irp.cl\" target=\"_blank\">\n\t\t\t\t\t\t\t\tinfo@irp.cl\t\t\t\t\t\t\t<\/a>\n\t\t\t\t\t\t\t\t\t\t\t<\/span>\n\t\t\t\t<\/li>\n\t\t\t\t\t\t\t\t\t\t\t<li class=\"elementor-repeater-item-88d00d3\">\n\t\t\t\t\t\t\t\t\t\t\t<span class=\"wd-icon\"><img loading=\"lazy\" decoding=\"async\" width=\"20\" height=\"20\" src=\"https:\/\/irp.cl\/new\/wp-content\/uploads\/2025\/09\/i-horario-20x20.png\" class=\"attachment-20x20 size-20x20\" alt=\"\" srcset=\"https:\/\/irp.cl\/new\/wp-content\/uploads\/2025\/09\/i-horario-20x20.png 20w, https:\/\/irp.cl\/new\/wp-content\/uploads\/2025\/09\/i-horario-25x25.png 25w, https:\/\/irp.cl\/new\/wp-content\/uploads\/2025\/09\/i-horario.png 100w\" sizes=\"auto, (max-width: 20px) 100vw, 20px\" \/><\/span>\t\t\t\t\t\n\t\t\t\t\t<span class=\"wd-list-content list-content\">\n\t\t\t\t\t\t\t\t\t\t\t\t\tLunes a Viernes 08:00 a 17:00 hrs<br>\nS\u00e1bado 08:00 a 12:00 hrs\t\t\t\t\t\t\t\t\t\t\t<\/span>\n\t\t\t\t<\/li>\n\t\t\t\t\t<\/ul>\n\n\t\t\t\t\t\t<\/div>\n\t\t\t\t<\/div>\n\t\t\t\t<\/div>\n\t\t<div class=\"elementor-element elementor-element-d8197b4 e-con-full e-flex e-con e-child\" data-id=\"d8197b4\" data-element_type=\"container\" data-settings=\"{&quot;background_background&quot;:&quot;classic&quot;}\">\n\t\t\t\t<div class=\"elementor-element elementor-element-5d1a38a wd-width-100 elementor-widget elementor-widget-wd_title\" data-id=\"5d1a38a\" data-element_type=\"widget\" data-widget_type=\"wd_title.default\">\n\t\t\t\t<div class=\"elementor-widget-container\">\n\t\t\t\t\t\t\t<div class=\"title-wrapper wd-set-mb reset-last-child wd-title-color-default wd-title-style-default wd-title-size-default text-center\">\n\n\t\t\t\n\t\t\t<div class=\"liner-continer\">\n\t\t\t\t<h2 class=\"woodmart-title-container title wd-fontsize-l\">Sucursal Resonancia<\/h2> \n\t\t\t\t\t\t\t<\/div>\n\n\t\t\t\t\t<\/div>\n\t\t\t\t\t\t<\/div>\n\t\t\t\t<\/div>\n\t\t\t\t<div class=\"elementor-element elementor-element-6d84cbe elementor-widget elementor-widget-wd_list\" data-id=\"6d84cbe\" data-element_type=\"widget\" data-widget_type=\"wd_list.default\">\n\t\t\t\t<div class=\"elementor-widget-container\">\n\t\t\t\t\t\t\t<ul class=\"wd-list color-scheme-custom wd-fontsize-s wd-type-icon wd-style-default text-center\">\n\t\t\t\t\t\t\t\t\t\t\t<li class=\"elementor-repeater-item-d3b3165\">\n\t\t\t\t\t\t\t\t\t\t\t<span class=\"wd-icon\"><img loading=\"lazy\" decoding=\"async\" width=\"20\" height=\"20\" src=\"https:\/\/irp.cl\/new\/wp-content\/uploads\/2025\/09\/map-ico-20x20.png\" class=\"attachment-20x20 size-20x20\" alt=\"\" srcset=\"https:\/\/irp.cl\/new\/wp-content\/uploads\/2025\/09\/map-ico-20x20.png 20w, https:\/\/irp.cl\/new\/wp-content\/uploads\/2025\/09\/map-ico-35x35.png 35w, https:\/\/irp.cl\/new\/wp-content\/uploads\/2025\/09\/map-ico-25x25.png 25w, https:\/\/irp.cl\/new\/wp-content\/uploads\/2025\/09\/map-ico.png 100w\" sizes=\"auto, (max-width: 20px) 100vw, 20px\" \/><\/span>\t\t\t\t\t\n\t\t\t\t\t<span class=\"wd-list-content list-content\">\n\t\t\t\t\t\t\t\t\t\t\t\t\t<a  href=\"https:\/\/maps.app.goo.gl\/YcRkVPciqmYsoJCj9\" target=\"_blank\">\n\t\t\t\t\t\t\t\tDr. Manuel Barros Borgo\u00f1o 430<br>\nMetro Manuel Montt\t\t\t\t\t\t\t<\/a>\n\t\t\t\t\t\t\t\t\t\t\t<\/span>\n\t\t\t\t<\/li>\n\t\t\t\t\t\t\t\t\t\t\t<li class=\"elementor-repeater-item-f15837b\">\n\t\t\t\t\t\t\t\t\t\t\t<span class=\"wd-icon\"><img loading=\"lazy\" decoding=\"async\" width=\"20\" height=\"20\" src=\"https:\/\/irp.cl\/new\/wp-content\/uploads\/2025\/09\/i-celular-20x20.png\" class=\"attachment-20x20 size-20x20\" alt=\"\" srcset=\"https:\/\/irp.cl\/new\/wp-content\/uploads\/2025\/09\/i-celular-20x20.png 20w, https:\/\/irp.cl\/new\/wp-content\/uploads\/2025\/09\/i-celular-25x25.png 25w, https:\/\/irp.cl\/new\/wp-content\/uploads\/2025\/09\/i-celular.png 100w\" sizes=\"auto, (max-width: 20px) 100vw, 20px\" \/><\/span>\t\t\t\t\t\n\t\t\t\t\t<span class=\"wd-list-content list-content\">\n\t\t\t\t\t\t\t\t\t\t\t\t\t<a  href=\"tel:+56224965555\" target=\"_blank\">\n\t\t\t\t\t\t\t\t+562 2496 5555\t\t\t\t\t\t\t<\/a>\n\t\t\t\t\t\t\t\t\t\t\t<\/span>\n\t\t\t\t<\/li>\n\t\t\t\t\t\t\t\t\t\t\t<li class=\"elementor-repeater-item-88d00d3\">\n\t\t\t\t\t\t\t\t\t\t\t<span class=\"wd-icon\"><img loading=\"lazy\" decoding=\"async\" width=\"20\" height=\"20\" src=\"https:\/\/irp.cl\/new\/wp-content\/uploads\/2025\/09\/i-horario-20x20.png\" class=\"attachment-20x20 size-20x20\" alt=\"\" srcset=\"https:\/\/irp.cl\/new\/wp-content\/uploads\/2025\/09\/i-horario-20x20.png 20w, https:\/\/irp.cl\/new\/wp-content\/uploads\/2025\/09\/i-horario-25x25.png 25w, https:\/\/irp.cl\/new\/wp-content\/uploads\/2025\/09\/i-horario.png 100w\" sizes=\"auto, (max-width: 20px) 100vw, 20px\" \/><\/span>\t\t\t\t\t\n\t\t\t\t\t<span class=\"wd-list-content list-content\">\n\t\t\t\t\t\t\t\t\t\t\t\t\tLunes a Viernes 07:40 a 17:30 hrs<br>\nS\u00e1bado 07:40 a 12:00 hrs\t\t\t\t\t\t\t\t\t\t\t<\/span>\n\t\t\t\t<\/li>\n\t\t\t\t\t<\/ul>\n\n\t\t\t\t\t\t<\/div>\n\t\t\t\t<\/div>\n\t\t\t\t<\/div>\n\t\t\t\t<\/div>\n\t\t\t\t<\/div>\n\t\t\t\t\t<\/div>\n\t\t\t\t<\/div>\n\t\t\t\t<\/div>\n\t\t","protected":false},"excerpt":{"rendered":"<p>Centro Radiol\u00f3gico | Tac Sacnner | Resonancias Magn\u00e9ticas | Laboratorio Cl\u00ednico Nuestras Sucursales Read more Busca tu Sucursal Ingresa tu<\/p>\n","protected":false},"author":1,"featured_media":0,"parent":0,"menu_order":0,"comment_status":"closed","ping_status":"closed","template":"","meta":{"footnotes":""},"class_list":["post-2545","page","type-page","status-publish","hentry"],"yoast_head":"<!-- This site is optimized with the Yoast SEO Premium plugin v26.3 (Yoast SEO v26.4) - https:\/\/yoast.com\/wordpress\/plugins\/seo\/ -->\n<title>Sucursales en Providencia | IRP Radiolog\u00eda Avanzada<\/title>\n<meta name=\"description\" content=\"Centro Radiol\u00f3gico en Providencia | IRP Radiolog\u00eda Avanzada. Ll\u00e1menos al +56224965500, Resonancia magn\u00e9tica, Tac Scanner, Mamograf\u00edas\" \/>\n<meta name=\"robots\" content=\"index, follow, max-snippet:-1, max-image-preview:large, max-video-preview:-1\" \/>\n<link rel=\"canonical\" href=\"https:\/\/irp.cl\/new\/sucursales\/\" \/>\n<meta property=\"og:locale\" content=\"es_ES\" \/>\n<meta property=\"og:type\" content=\"article\" \/>\n<meta property=\"og:title\" content=\"Sucursales\" \/>\n<meta property=\"og:description\" content=\"Centro Radiol\u00f3gico en Providencia | IRP Radiolog\u00eda Avanzada. Ll\u00e1menos al +56224965500, Resonancia magn\u00e9tica, Tac Scanner, Mamograf\u00edas\" \/>\n<meta property=\"og:url\" content=\"https:\/\/irp.cl\/new\/sucursales\/\" \/>\n<meta property=\"og:site_name\" content=\"IRP\" \/>\n<meta property=\"article:modified_time\" content=\"2025-11-25T08:52:58+00:00\" \/>\n<meta property=\"og:image\" content=\"https:\/\/irp.cl\/new\/wp-content\/uploads\/2025\/01\/chevron-down-black.svg\" \/>\n<meta name=\"twitter:card\" content=\"summary_large_image\" \/>\n<meta name=\"twitter:label1\" content=\"Tiempo de lectura\" \/>\n\t<meta name=\"twitter:data1\" content=\"2 minutos\" \/>\n<script type=\"application\/ld+json\" class=\"yoast-schema-graph\">{\"@context\":\"https:\/\/schema.org\",\"@graph\":[{\"@type\":\"WebPage\",\"@id\":\"https:\/\/irp.cl\/new\/sucursales\/\",\"url\":\"https:\/\/irp.cl\/new\/sucursales\/\",\"name\":\"Sucursales en Providencia | IRP Radiolog\u00eda Avanzada\",\"isPartOf\":{\"@id\":\"https:\/\/irp.cl\/#website\"},\"primaryImageOfPage\":{\"@id\":\"https:\/\/irp.cl\/new\/sucursales\/#primaryimage\"},\"image\":{\"@id\":\"https:\/\/irp.cl\/new\/sucursales\/#primaryimage\"},\"thumbnailUrl\":\"https:\/\/irp.cl\/new\/wp-content\/uploads\/2025\/01\/chevron-down-black.svg\",\"datePublished\":\"2025-10-02T07:05:02+00:00\",\"dateModified\":\"2025-11-25T08:52:58+00:00\",\"description\":\"Centro Radiol\u00f3gico en Providencia | IRP Radiolog\u00eda Avanzada. Ll\u00e1menos al +56224965500, Resonancia magn\u00e9tica, Tac Scanner, Mamograf\u00edas\",\"breadcrumb\":{\"@id\":\"https:\/\/irp.cl\/new\/sucursales\/#breadcrumb\"},\"inLanguage\":\"es\",\"potentialAction\":[{\"@type\":\"ReadAction\",\"target\":[\"https:\/\/irp.cl\/new\/sucursales\/\"]}]},{\"@type\":\"ImageObject\",\"inLanguage\":\"es\",\"@id\":\"https:\/\/irp.cl\/new\/sucursales\/#primaryimage\",\"url\":\"https:\/\/irp.cl\/new\/wp-content\/uploads\/2025\/01\/chevron-down-black.svg\",\"contentUrl\":\"https:\/\/irp.cl\/new\/wp-content\/uploads\/2025\/01\/chevron-down-black.svg\",\"width\":24,\"height\":24},{\"@type\":\"BreadcrumbList\",\"@id\":\"https:\/\/irp.cl\/new\/sucursales\/#breadcrumb\",\"itemListElement\":[{\"@type\":\"ListItem\",\"position\":1,\"name\":\"Portada\",\"item\":\"https:\/\/irp.cl\/\"},{\"@type\":\"ListItem\",\"position\":2,\"name\":\"Sucursales\"}]},{\"@type\":\"WebSite\",\"@id\":\"https:\/\/irp.cl\/#website\",\"url\":\"https:\/\/irp.cl\/\",\"name\":\"IRP\",\"description\":\"Laboratorio Cl\u00ednico, Tac, Densitometr\u00edas, Ex\u00e1menes de Laboratorio\",\"potentialAction\":[{\"@type\":\"SearchAction\",\"target\":{\"@type\":\"EntryPoint\",\"urlTemplate\":\"https:\/\/irp.cl\/?s={search_term_string}\"},\"query-input\":{\"@type\":\"PropertyValueSpecification\",\"valueRequired\":true,\"valueName\":\"search_term_string\"}}],\"inLanguage\":\"es\"}]}<\/script>\n<!-- \/ Yoast SEO Premium plugin. -->","yoast_head_json":{"title":"Sucursales en Providencia | IRP Radiolog\u00eda Avanzada","description":"Centro Radiol\u00f3gico en Providencia | IRP Radiolog\u00eda Avanzada. Ll\u00e1menos al +56224965500, Resonancia magn\u00e9tica, Tac Scanner, Mamograf\u00edas","robots":{"index":"index","follow":"follow","max-snippet":"max-snippet:-1","max-image-preview":"max-image-preview:large","max-video-preview":"max-video-preview:-1"},"canonical":"https:\/\/irp.cl\/new\/sucursales\/","og_locale":"es_ES","og_type":"article","og_title":"Sucursales","og_description":"Centro Radiol\u00f3gico en Providencia | IRP Radiolog\u00eda Avanzada. Ll\u00e1menos al +56224965500, Resonancia magn\u00e9tica, Tac Scanner, Mamograf\u00edas","og_url":"https:\/\/irp.cl\/new\/sucursales\/","og_site_name":"IRP","article_modified_time":"2025-11-25T08:52:58+00:00","og_image":[{"url":"https:\/\/irp.cl\/new\/wp-content\/uploads\/2025\/01\/chevron-down-black.svg","type":"","width":"","height":""}],"twitter_card":"summary_large_image","twitter_misc":{"Tiempo de lectura":"2 minutos"},"schema":{"@context":"https:\/\/schema.org","@graph":[{"@type":"WebPage","@id":"https:\/\/irp.cl\/new\/sucursales\/","url":"https:\/\/irp.cl\/new\/sucursales\/","name":"Sucursales en Providencia | IRP Radiolog\u00eda Avanzada","isPartOf":{"@id":"https:\/\/irp.cl\/#website"},"primaryImageOfPage":{"@id":"https:\/\/irp.cl\/new\/sucursales\/#primaryimage"},"image":{"@id":"https:\/\/irp.cl\/new\/sucursales\/#primaryimage"},"thumbnailUrl":"https:\/\/irp.cl\/new\/wp-content\/uploads\/2025\/01\/chevron-down-black.svg","datePublished":"2025-10-02T07:05:02+00:00","dateModified":"2025-11-25T08:52:58+00:00","description":"Centro Radiol\u00f3gico en Providencia | IRP Radiolog\u00eda Avanzada. Ll\u00e1menos al +56224965500, Resonancia magn\u00e9tica, Tac Scanner, Mamograf\u00edas","breadcrumb":{"@id":"https:\/\/irp.cl\/new\/sucursales\/#breadcrumb"},"inLanguage":"es","potentialAction":[{"@type":"ReadAction","target":["https:\/\/irp.cl\/new\/sucursales\/"]}]},{"@type":"ImageObject","inLanguage":"es","@id":"https:\/\/irp.cl\/new\/sucursales\/#primaryimage","url":"https:\/\/irp.cl\/new\/wp-content\/uploads\/2025\/01\/chevron-down-black.svg","contentUrl":"https:\/\/irp.cl\/new\/wp-content\/uploads\/2025\/01\/chevron-down-black.svg","width":24,"height":24},{"@type":"BreadcrumbList","@id":"https:\/\/irp.cl\/new\/sucursales\/#breadcrumb","itemListElement":[{"@type":"ListItem","position":1,"name":"Portada","item":"https:\/\/irp.cl\/"},{"@type":"ListItem","position":2,"name":"Sucursales"}]},{"@type":"WebSite","@id":"https:\/\/irp.cl\/#website","url":"https:\/\/irp.cl\/","name":"IRP","description":"Laboratorio Cl\u00ednico, Tac, Densitometr\u00edas, Ex\u00e1menes de Laboratorio","potentialAction":[{"@type":"SearchAction","target":{"@type":"EntryPoint","urlTemplate":"https:\/\/irp.cl\/?s={search_term_string}"},"query-input":{"@type":"PropertyValueSpecification","valueRequired":true,"valueName":"search_term_string"}}],"inLanguage":"es"}]}},"_links":{"self":[{"href":"https:\/\/irp.cl\/new\/wp-json\/wp\/v2\/pages\/2545","targetHints":{"allow":["GET"]}}],"collection":[{"href":"https:\/\/irp.cl\/new\/wp-json\/wp\/v2\/pages"}],"about":[{"href":"https:\/\/irp.cl\/new\/wp-json\/wp\/v2\/types\/page"}],"author":[{"embeddable":true,"href":"https:\/\/irp.cl\/new\/wp-json\/wp\/v2\/users\/1"}],"replies":[{"embeddable":true,"href":"https:\/\/irp.cl\/new\/wp-json\/wp\/v2\/comments?post=2545"}],"version-history":[{"count":16,"href":"https:\/\/irp.cl\/new\/wp-json\/wp\/v2\/pages\/2545\/revisions"}],"predecessor-version":[{"id":3081,"href":"https:\/\/irp.cl\/new\/wp-json\/wp\/v2\/pages\/2545\/revisions\/3081"}],"wp:attachment":[{"href":"https:\/\/irp.cl\/new\/wp-json\/wp\/v2\/media?parent=2545"}],"curies":[{"name":"wp","href":"https:\/\/api.w.org\/{rel}","templated":true}]}}